{"id":2785,"date":"2021-08-26T15:01:45","date_gmt":"2021-08-26T14:01:45","guid":{"rendered":"https:\/\/www.sgtmartinho.com\/?post_type=product&#038;p=2785"},"modified":"2024-02-12T16:51:30","modified_gmt":"2024-02-12T16:51:30","slug":"v60-coador-one-pour-mugen-hario","status":"publish","type":"product","link":"https:\/\/staging.sgtmartinho.com\/en\/loja\/v60-coador-one-pour-mugen-hario\/","title":{"rendered":"V60 Coador One Pour Mugen Hario"},"content":{"rendered":"<p><iframe title=\"[HARIO] V60 One Pour Dripper MUGEN_Tetsu Kasuya_World Brewers Cup 2016 Champion\" width=\"500\" height=\"281\" src=\"https:\/\/www.youtube.com\/embed\/ATgeSolqXSU?feature=oembed\" frameborder=\"0\" allow=\"accelerometer; autoplay; clipboard-write; encrypted-media; gyroscope; picture-in-picture; web-share\" referrerpolicy=\"strict-origin-when-cross-origin\" allowfullscreen><\/iframe><\/p>\n","protected":false},"excerpt":{"rendered":"<p>O V60 One Pour Dripper Mugen \u00e9 o favorito de muitos entusiastas do caf\u00e9 dado \u00e0 sua facilidade de uso e rapidez na prepara\u00e7\u00e3o de um \u00f3timo caf\u00e9.<\/p>\n<p>Um dripper desenhado para single pour, que pode preparar caf\u00e9 de uma s\u00f3 vez.<br \/>\nPode remover o suporte para colocar apenas o dripper em um suporte para preparar seu caf\u00e9 diretamente de onde o vai consumir.<\/p>\n<p>Em vez das ranhuras em espiral do V60, o MUGEN apresenta ranhuras em forma de estrela, permitindo que os filtros de papel adiram ao gotejador e que o caf\u00e9 flua para baixo a um ritmo constante.<\/p>\n<p>&nbsp;<\/p>\n<p><strong>Detalhes do Produto:<br \/>\n<\/strong>VDMU-02-TB<br \/>\nCapacidade: 1-2 ch\u00e1venas<br \/>\nCor: Preto transparente<br \/>\nPeso (Incl. caixa): Aprox. 200g<br \/>\nMateriais:<br \/>\nCorpo: Resina de acrilonitrila-estireno<br \/>\nPega: Polipropileno<\/p>\n","protected":false},"featured_media":7938,"template":"","meta":[],"product_brand":[],"product_cat":[58,84],"product_tag":[250,249,248,199,181,183],"class_list":{"0":"post-2785","1":"product","2":"type-product","3":"status-publish","4":"has-post-thumbnail","6":"brands-hario","7":"product_cat-equipamento","8":"product_cat-v60","9":"product_tag-especialidade","10":"product_tag-coador","11":"product_tag-mugen","12":"product_tag-cafe","13":"product_tag-hario","14":"product_tag-dripper","16":"first","17":"instock","18":"taxable","19":"shipping-taxable","20":"purchasable","21":"product-type-simple"},"_links":{"self":[{"href":"https:\/\/staging.sgtmartinho.com\/en\/wp-json\/wp\/v2\/product\/2785","targetHints":{"allow":["GET"]}}],"collection":[{"href":"https:\/\/staging.sgtmartinho.com\/en\/wp-json\/wp\/v2\/product"}],"about":[{"href":"https:\/\/staging.sgtmartinho.com\/en\/wp-json\/wp\/v2\/types\/product"}],"wp:featuredmedia":[{"embeddable":true,"href":"https:\/\/staging.sgtmartinho.com\/en\/wp-json\/wp\/v2\/media\/7938"}],"wp:attachment":[{"href":"https:\/\/staging.sgtmartinho.com\/en\/wp-json\/wp\/v2\/media?parent=2785"}],"wp:term":[{"taxonomy":"product_brand","embeddable":true,"href":"https:\/\/staging.sgtmartinho.com\/en\/wp-json\/wp\/v2\/product_brand?post=2785"},{"taxonomy":"product_cat","embeddable":true,"href":"https:\/\/staging.sgtmartinho.com\/en\/wp-json\/wp\/v2\/product_cat?post=2785"},{"taxonomy":"product_tag","embeddable":true,"href":"https:\/\/staging.sgtmartinho.com\/en\/wp-json\/wp\/v2\/product_tag?post=2785"}],"curies":[{"name":"wp","href":"https:\/\/api.w.org\/{rel}","templated":true}]}}