{"id":2784,"date":"2021-08-26T14:59:46","date_gmt":"2021-08-26T13:59:46","guid":{"rendered":"https:\/\/www.sgtmartinho.com\/?post_type=product&#038;p=2784"},"modified":"2024-02-12T16:51:29","modified_gmt":"2024-02-12T16:51:29","slug":"hario-w60-dripper","status":"publish","type":"product","link":"https:\/\/staging.sgtmartinho.com\/en\/loja\/hario-w60-dripper\/","title":{"rendered":"W60 02 Coador &#8211; Cer\u00e2mica Branco Hario"},"content":{"rendered":"","protected":false},"excerpt":{"rendered":"<p>A \u00faltima gera\u00e7\u00e3o que continua a tradi\u00e7\u00e3o do V60. A malha de resina apresenta uma base plana que n\u00e3o obstrui o fluxo do caf\u00e9 mo\u00eddo para extrair totalmente o sabor do caf\u00e9.<\/p>\n<p>O caf\u00e9 pode ser feito com filtro de papel, assim como no V60, ou apenas atrav\u00e9s da malha de resina, que \u00e9 perfeita para saborear todos os \u00f3leos do seu caf\u00e9.<\/p>\n<p>PDC-02-W<br \/>\nCor branca<br \/>\nCAPACIDADE 1-4 ch\u00e1venas<\/p>\n","protected":false},"featured_media":7956,"template":"","meta":[],"product_brand":[],"product_cat":[58,84],"product_tag":[],"class_list":{"0":"post-2784","1":"product","2":"type-product","3":"status-publish","4":"has-post-thumbnail","6":"brands-hario","7":"product_cat-equipamento","8":"product_cat-v60","10":"first","11":"instock","12":"taxable","13":"shipping-taxable","14":"purchasable","15":"product-type-simple"},"_links":{"self":[{"href":"https:\/\/staging.sgtmartinho.com\/en\/wp-json\/wp\/v2\/product\/2784","targetHints":{"allow":["GET"]}}],"collection":[{"href":"https:\/\/staging.sgtmartinho.com\/en\/wp-json\/wp\/v2\/product"}],"about":[{"href":"https:\/\/staging.sgtmartinho.com\/en\/wp-json\/wp\/v2\/types\/product"}],"wp:featuredmedia":[{"embeddable":true,"href":"https:\/\/staging.sgtmartinho.com\/en\/wp-json\/wp\/v2\/media\/7956"}],"wp:attachment":[{"href":"https:\/\/staging.sgtmartinho.com\/en\/wp-json\/wp\/v2\/media?parent=2784"}],"wp:term":[{"taxonomy":"product_brand","embeddable":true,"href":"https:\/\/staging.sgtmartinho.com\/en\/wp-json\/wp\/v2\/product_brand?post=2784"},{"taxonomy":"product_cat","embeddable":true,"href":"https:\/\/staging.sgtmartinho.com\/en\/wp-json\/wp\/v2\/product_cat?post=2784"},{"taxonomy":"product_tag","embeddable":true,"href":"https:\/\/staging.sgtmartinho.com\/en\/wp-json\/wp\/v2\/product_tag?post=2784"}],"curies":[{"name":"wp","href":"https:\/\/api.w.org\/{rel}","templated":true}]}}