{"id":2767,"date":"2021-08-24T00:30:13","date_gmt":"2021-08-23T23:30:13","guid":{"rendered":"https:\/\/www.sgtmartinho.com\/?post_type=product&#038;p=2767"},"modified":"2024-02-12T16:51:29","modified_gmt":"2024-02-12T16:51:29","slug":"kit-v60-glass-hario","status":"publish","type":"product","link":"https:\/\/staging.sgtmartinho.com\/en\/loja\/kit-v60-glass-hario\/","title":{"rendered":"Kit V60 02 &#8211; Vidro Hario"},"content":{"rendered":"<p><iframe title=\"Simply HARIO | Concept Movie\" width=\"500\" height=\"281\" src=\"https:\/\/www.youtube.com\/embed\/Tuj5OJxNlDU?feature=oembed\" frameborder=\"0\" allow=\"accelerometer; autoplay; clipboard-write; encrypted-media; gyroscope; picture-in-picture; web-share\" referrerpolicy=\"strict-origin-when-cross-origin\" allowfullscreen><\/iframe><\/p>\n","protected":false},"excerpt":{"rendered":"<p>Com o conjunto (kit) de vidro Simply Hario V60 tem tudo o que necessita para fazer excelentes caf\u00e9s\u2026ou quase tudo! Al\u00e9m deste conjunto, o que lhe falta s\u00e3o os <a href=\"https:\/\/staging.sgtmartinho.com\/loja-categoria\/cafe\/\" target=\"_blank\" rel=\"noopener\">gr\u00e3os de caf\u00e9 de especialidade d\u2019A Sargento Martinho<\/a>!<\/p>\n<p>&nbsp;<\/p>\n<p>Impressione os seus amigos e familiares com os seus dotes de barista, preparando caf\u00e9 para at\u00e9 4 pessoas de cada vez com este conjunto que inclui um coador V60 de vidro (tamanho 02) e o servidor de caf\u00e9 de vidro.<\/p>\n<p>&nbsp;<\/p>\n<p>Este conjunto (kit) de V60 Simply Hario em vidro inclui os seguintes produtos:<\/p>\n<ul>\n<li>Coador V60 de vidro<\/li>\n<li>Bule de caf\u00e9 em vidro<\/li>\n<li>Filtros de papel V60 (uma embalagem de 40 filtros)<\/li>\n<li>Colher de Medi\u00e7\u00e3o<\/li>\n<\/ul>\n<p>&nbsp;<\/p>\n<p><strong>Detalhes do Produto:<\/strong><br \/>\nS-VGBK-02<br \/>\nCor: Transparente<br \/>\nDimens\u00f5es: 146mm x 195mm x 120mm<br \/>\nCapacidade: 1-4 ch\u00e1venas<\/p>\n<p>Materiais:<br \/>\nCoador e Bule: vidro \u00e0 prova de calor<br \/>\nColher de medi\u00e7\u00e3o: resina de polipropileno<br \/>\nPega de coador: resina<\/p>\n<p>&nbsp;<\/p>\n<p>Informa\u00e7\u00e3o adicional:<br \/>\nPode ir \u00e0 m\u00e1quina de lavar.<\/p>\n<p>&nbsp;<\/p>\n<p>Fabricado no Jap\u00e3o.<\/p>\n","protected":false},"featured_media":8080,"template":"","meta":[],"product_brand":[],"product_cat":[58,89],"product_tag":[259,258,257,253,249,223,203,201,199,196,187,184,185,181,183],"class_list":{"0":"post-2767","1":"product","2":"type-product","3":"status-publish","4":"has-post-thumbnail","6":"brands-hario","7":"product_cat-equipamento","8":"product_cat-kits","9":"product_tag-conjunto","10":"product_tag-bule","11":"product_tag-brewing","12":"product_tag-server","13":"product_tag-coador","14":"product_tag-glass","15":"product_tag-filters","16":"product_tag-specialty","17":"product_tag-cafe","18":"product_tag-filtros","19":"product_tag-coffee","20":"product_tag-kit","21":"product_tag-v60","22":"product_tag-hario","23":"product_tag-dripper","25":"first","26":"instock","27":"taxable","28":"shipping-taxable","29":"purchasable","30":"product-type-simple"},"_links":{"self":[{"href":"https:\/\/staging.sgtmartinho.com\/en\/wp-json\/wp\/v2\/product\/2767","targetHints":{"allow":["GET"]}}],"collection":[{"href":"https:\/\/staging.sgtmartinho.com\/en\/wp-json\/wp\/v2\/product"}],"about":[{"href":"https:\/\/staging.sgtmartinho.com\/en\/wp-json\/wp\/v2\/types\/product"}],"wp:featuredmedia":[{"embeddable":true,"href":"https:\/\/staging.sgtmartinho.com\/en\/wp-json\/wp\/v2\/media\/8080"}],"wp:attachment":[{"href":"https:\/\/staging.sgtmartinho.com\/en\/wp-json\/wp\/v2\/media?parent=2767"}],"wp:term":[{"taxonomy":"product_brand","embeddable":true,"href":"https:\/\/staging.sgtmartinho.com\/en\/wp-json\/wp\/v2\/product_brand?post=2767"},{"taxonomy":"product_cat","embeddable":true,"href":"https:\/\/staging.sgtmartinho.com\/en\/wp-json\/wp\/v2\/product_cat?post=2767"},{"taxonomy":"product_tag","embeddable":true,"href":"https:\/\/staging.sgtmartinho.com\/en\/wp-json\/wp\/v2\/product_tag?post=2767"}],"curies":[{"name":"wp","href":"https:\/\/api.w.org\/{rel}","templated":true}]}}