{"id":2743,"date":"2021-08-26T14:48:25","date_gmt":"2021-08-26T13:48:25","guid":{"rendered":"https:\/\/www.sgtmartinho.com\/?post_type=product&#038;p=2743"},"modified":"2024-02-12T16:51:25","modified_gmt":"2024-02-12T16:51:25","slug":"v60-drip-decanter-hario","status":"publish","type":"product","link":"https:\/\/staging.sgtmartinho.com\/en\/loja\/v60-drip-decanter-hario\/","title":{"rendered":"V60 Drip Decanter Hario"},"content":{"rendered":"","protected":false},"excerpt":{"rendered":"<p>O dripper \u00e9 baseado no formato de cone V60. Voc\u00ea pode desfrutar da facilidade da extra\u00e7\u00e3o do filtro de papel e dos sabores da extra\u00e7\u00e3o do filtro de tecido. A faixa de silicone pode ser removida e lavada. O dripper \u00e9 projetado para ser aut\u00f4nomo.<\/p>\n<p>VDD-02B<br \/>\nCor preta<br \/>\nCAPACIDADE 1-4 ch\u00e1venas<\/p>\n","protected":false},"featured_media":8007,"template":"","meta":[],"product_brand":[],"product_cat":[58,84],"product_tag":[],"class_list":{"0":"post-2743","1":"product","2":"type-product","3":"status-publish","4":"has-post-thumbnail","6":"brands-hario","7":"product_cat-equipamento","8":"product_cat-v60","10":"first","11":"instock","12":"taxable","13":"shipping-taxable","14":"purchasable","15":"product-type-simple"},"_links":{"self":[{"href":"https:\/\/staging.sgtmartinho.com\/en\/wp-json\/wp\/v2\/product\/2743","targetHints":{"allow":["GET"]}}],"collection":[{"href":"https:\/\/staging.sgtmartinho.com\/en\/wp-json\/wp\/v2\/product"}],"about":[{"href":"https:\/\/staging.sgtmartinho.com\/en\/wp-json\/wp\/v2\/types\/product"}],"wp:featuredmedia":[{"embeddable":true,"href":"https:\/\/staging.sgtmartinho.com\/en\/wp-json\/wp\/v2\/media\/8007"}],"wp:attachment":[{"href":"https:\/\/staging.sgtmartinho.com\/en\/wp-json\/wp\/v2\/media?parent=2743"}],"wp:term":[{"taxonomy":"product_brand","embeddable":true,"href":"https:\/\/staging.sgtmartinho.com\/en\/wp-json\/wp\/v2\/product_brand?post=2743"},{"taxonomy":"product_cat","embeddable":true,"href":"https:\/\/staging.sgtmartinho.com\/en\/wp-json\/wp\/v2\/product_cat?post=2743"},{"taxonomy":"product_tag","embeddable":true,"href":"https:\/\/staging.sgtmartinho.com\/en\/wp-json\/wp\/v2\/product_tag?post=2743"}],"curies":[{"name":"wp","href":"https:\/\/api.w.org\/{rel}","templated":true}]}}