{"id":2731,"date":"2021-08-26T14:34:25","date_gmt":"2021-08-26T13:34:25","guid":{"rendered":"https:\/\/www.sgtmartinho.com\/?post_type=product&#038;p=2731"},"modified":"2024-02-12T16:51:24","modified_gmt":"2024-02-12T16:51:24","slug":"hario-v60-02-dripper-ceramica-kdc-02-b","status":"publish","type":"product","link":"https:\/\/staging.sgtmartinho.com\/en\/loja\/hario-v60-02-dripper-ceramica-kdc-02-b\/","title":{"rendered":"V60 02 Coador &#8211; Cer\u00e2mica Preto Hario"},"content":{"rendered":"","protected":false},"excerpt":{"rendered":"<p>Produzido por Tetsu Kasuya, o primeiro vencedor da World Brewers Cup na \u00c1sia em 2016.<\/p>\n<p>O dripper V60 mundialmente conhecido.<\/p>\n<p>O V60 tem um formato c\u00f4nico para camadas mais profundas da borra de caf\u00e9, produzindo um rico sabor umami. O \u00fanico orif\u00edcio grande oferece a liberdade m\u00e1xima &#8211; despeje a \u00e1gua rapidamente para um sabor leve ou lentamente se voc\u00ea gosta de caf\u00e9 rico. O dripper \u00e9 feito de Arita-yaki, um estilo tradicional de cer\u00e2mica japonesa com uma hist\u00f3ria de 400 anos. Cada um \u00e9 feito \u00e0 m\u00e3o por um artes\u00e3o local. O V60 de cer\u00e2mica requintado e a beleza funcional do seu produto V60 criam um contraste impressionante entre o tradicional e o moderno.<\/p>\n<p>KDC-02-B<br \/>\nCAPACIDADE 1-4 ch\u00e1venas<\/p>\n","protected":false},"featured_media":7954,"template":"","meta":[],"product_brand":[],"product_cat":[58,84],"product_tag":[],"class_list":{"0":"post-2731","1":"product","2":"type-product","3":"status-publish","4":"has-post-thumbnail","6":"brands-hario","7":"product_cat-equipamento","8":"product_cat-v60","10":"first","11":"instock","12":"taxable","13":"shipping-taxable","14":"purchasable","15":"product-type-simple"},"_links":{"self":[{"href":"https:\/\/staging.sgtmartinho.com\/en\/wp-json\/wp\/v2\/product\/2731","targetHints":{"allow":["GET"]}}],"collection":[{"href":"https:\/\/staging.sgtmartinho.com\/en\/wp-json\/wp\/v2\/product"}],"about":[{"href":"https:\/\/staging.sgtmartinho.com\/en\/wp-json\/wp\/v2\/types\/product"}],"wp:featuredmedia":[{"embeddable":true,"href":"https:\/\/staging.sgtmartinho.com\/en\/wp-json\/wp\/v2\/media\/7954"}],"wp:attachment":[{"href":"https:\/\/staging.sgtmartinho.com\/en\/wp-json\/wp\/v2\/media?parent=2731"}],"wp:term":[{"taxonomy":"product_brand","embeddable":true,"href":"https:\/\/staging.sgtmartinho.com\/en\/wp-json\/wp\/v2\/product_brand?post=2731"},{"taxonomy":"product_cat","embeddable":true,"href":"https:\/\/staging.sgtmartinho.com\/en\/wp-json\/wp\/v2\/product_cat?post=2731"},{"taxonomy":"product_tag","embeddable":true,"href":"https:\/\/staging.sgtmartinho.com\/en\/wp-json\/wp\/v2\/product_tag?post=2731"}],"curies":[{"name":"wp","href":"https:\/\/api.w.org\/{rel}","templated":true}]}}