{"id":2154,"date":"2021-06-15T21:18:11","date_gmt":"2021-06-15T20:18:11","guid":{"rendered":"https:\/\/www.sgtmartinho.com\/?post_type=product&#038;p=2154"},"modified":"2024-02-12T16:51:24","modified_gmt":"2024-02-12T16:51:24","slug":"aeropress_go","status":"publish","type":"product","link":"https:\/\/staging.sgtmartinho.com\/en\/loja\/aeropress_go\/","title":{"rendered":"Aeropress Go"},"content":{"rendered":"<p><iframe src=\"https:\/\/player.vimeo.com\/video\/361097625?dnt=1&amp;app_id=122963\" width=\"500\" height=\"281\" frameborder=\"0\" allow=\"autoplay; fullscreen; picture-in-picture; clipboard-write; encrypted-media\"><\/iframe><\/p>\n","protected":false},"excerpt":{"rendered":"<p>A AeroPress da Aerobie \u00e9 uma cafeteira inovadora e muito pr\u00e1tica, que permite preparar um caf\u00e9 muito saboroso, com \u00f3timo corpo e sabor \u00fanico.<\/p>\n<p>&nbsp;<\/p>\n<p>\u00c9 um m\u00e9todo r\u00e1pido, onde o caf\u00e9 fica em imers\u00e3o com a \u00e1gua a ferver, que \u00e9 depois extra\u00eddo atrav\u00e9s do filtro, que pode comprar tamb\u00e9m\u00a0<a href=\"https:\/\/staging.sgtmartinho.com\/loja\/filtros-aeropress\/\">aqui<\/a>, sob press\u00e3o manual.<\/p>\n<p>&nbsp;<\/p>\n<p>A AeroPress \u00e9 bastante utilizada para preparar caf\u00e9 em casa, mas \u00e9 leve, compacta e dur\u00e1vel, tornando-a ideal para utiliza\u00e7\u00e3o em acampamentos, passeios de mochila, passeios de barco, ou at\u00e9 no seu escrit\u00f3rio.<\/p>\n<p>&nbsp;<\/p>\n<p>E agora na vers\u00e3o Go! A AeroPress Go \u00e9 uma vers\u00e3o mais compacta e pr\u00e1tica &#8211; ideal para quem quer viajar o mais leve poss\u00edvel sem prescindir do seu caf\u00e9! Se procura a AeroPress original, pode encontr\u00e1-la <a href=\"https:\/\/staging.sgtmartinho.com\/loja\/aeropress\/\">aqui<\/a>.<\/p>\n<p>&nbsp;<\/p>\n<p class=\"\">Este produto cont\u00e9m: AeroPress Go; porta-filtros; colher medidor; colher dobr\u00e1vel; copo\/recipiente; e 350 unidades de filtro de papel.<\/p>\n<p>&nbsp;<\/p>\n<p><strong>Detalhes do Produto:<br \/>\n<\/strong>AP-G<br \/>\nTamanho: 12cm x 12cm x 30cm<br \/>\nCapacidade: 0,3 litros<br \/>\nPeso: 300 gramas<br \/>\nTodas as pe\u00e7as da AeroPress Go exceto o selo de silicone e os filtros de papel s\u00e3o feitos de polipropileno desde julho de 2014. Todos os materiais utilizados na AeroPress Go s\u00e3o livres de BPA e ftalatos, s\u00e3o fabricados nos EUA, e s\u00e3o aprovados pela FDA e pela UE para utiliza\u00e7\u00e3o em contacto com alimentos.<\/p>\n<p>&nbsp;<\/p>\n<p>Desenhada no Sillicon Valey, fabricada nos Estados Unidos da Am\u00e9rica.<\/p>\n<p class=\"\">\n","protected":false},"featured_media":7979,"template":"","meta":[],"product_brand":[],"product_cat":[58,84],"product_tag":[204,201,199,197,187],"class_list":{"0":"post-2154","1":"product","2":"type-product","3":"status-publish","4":"has-post-thumbnail","6":"brands-aeropress","7":"product_cat-equipamento","8":"product_cat-v60","9":"product_tag-aeropress-go","10":"product_tag-specialty","11":"product_tag-cafe","12":"product_tag-aeropress","13":"product_tag-coffee","15":"first","16":"instock","17":"taxable","18":"shipping-taxable","19":"purchasable","20":"product-type-simple"},"_links":{"self":[{"href":"https:\/\/staging.sgtmartinho.com\/en\/wp-json\/wp\/v2\/product\/2154","targetHints":{"allow":["GET"]}}],"collection":[{"href":"https:\/\/staging.sgtmartinho.com\/en\/wp-json\/wp\/v2\/product"}],"about":[{"href":"https:\/\/staging.sgtmartinho.com\/en\/wp-json\/wp\/v2\/types\/product"}],"wp:featuredmedia":[{"embeddable":true,"href":"https:\/\/staging.sgtmartinho.com\/en\/wp-json\/wp\/v2\/media\/7979"}],"wp:attachment":[{"href":"https:\/\/staging.sgtmartinho.com\/en\/wp-json\/wp\/v2\/media?parent=2154"}],"wp:term":[{"taxonomy":"product_brand","embeddable":true,"href":"https:\/\/staging.sgtmartinho.com\/en\/wp-json\/wp\/v2\/product_brand?post=2154"},{"taxonomy":"product_cat","embeddable":true,"href":"https:\/\/staging.sgtmartinho.com\/en\/wp-json\/wp\/v2\/product_cat?post=2154"},{"taxonomy":"product_tag","embeddable":true,"href":"https:\/\/staging.sgtmartinho.com\/en\/wp-json\/wp\/v2\/product_tag?post=2154"}],"curies":[{"name":"wp","href":"https:\/\/api.w.org\/{rel}","templated":true}]}}