{"id":2086,"date":"2021-06-09T21:20:41","date_gmt":"2021-06-09T20:20:41","guid":{"rendered":"https:\/\/www.sgtmartinho.com\/?post_type=product&#038;p=2086"},"modified":"2024-02-12T16:51:24","modified_gmt":"2024-02-12T16:51:24","slug":"mini-coffee-dripper-hario","status":"publish","type":"product","link":"https:\/\/staging.sgtmartinho.com\/en\/loja\/mini-coffee-dripper-hario\/","title":{"rendered":"Mini Coador de Caf\u00e9 Hario"},"content":{"rendered":"","protected":false},"excerpt":{"rendered":"<p class=\"\">O Mini Co\ufb00ee Dripper recupera o design de um dos produtos mais ic\u00f3nicos da Hario. 1980 foi o ano do seu lan\u00e7amento e agora est\u00e1 de volta para uma edi\u00e7\u00e3o limitada.<\/p>\n<p>Inclui filtros Hario tamanho 01.<\/p>\n<p>&nbsp;<\/p>\n<p><strong>Detalhes de Produto:<\/strong><br \/>\nCKJF-01B<br \/>\nCor: Preto transparente<br \/>\nDimens\u00f5es: 105 x 90 x 119mm<br \/>\nCapacidade: 240ml<br \/>\nPeso (inc. caixa): approx. 300g<\/p>\n<p>Materiais:<br \/>\nCorpo: vidro \u00e0 prova de calor<br \/>\nServidor (dripper): a\u00e7o inoxid\u00e1vel<br \/>\nPega: borracha de silicone<br \/>\nFiltros: papel<br \/>\nColher de medi\u00e7\u00e3o: polipropileno<\/p>\n","protected":false},"featured_media":8128,"template":"","meta":[],"product_brand":[],"product_cat":[58,84,89],"product_tag":[265,264,263,262,223,199,187,181,183],"class_list":{"0":"post-2086","1":"product","2":"type-product","3":"status-publish","4":"has-post-thumbnail","6":"brands-hario","7":"product_cat-equipamento","8":"product_cat-v60","9":"product_cat-kits","10":"product_tag-specialedition","11":"product_tag-mini","12":"product_tag-series","13":"product_tag-revival","14":"product_tag-glass","15":"product_tag-cafe","16":"product_tag-coffee","17":"product_tag-hario","18":"product_tag-dripper","20":"first","21":"instock","22":"taxable","23":"shipping-taxable","24":"purchasable","25":"product-type-simple"},"_links":{"self":[{"href":"https:\/\/staging.sgtmartinho.com\/en\/wp-json\/wp\/v2\/product\/2086","targetHints":{"allow":["GET"]}}],"collection":[{"href":"https:\/\/staging.sgtmartinho.com\/en\/wp-json\/wp\/v2\/product"}],"about":[{"href":"https:\/\/staging.sgtmartinho.com\/en\/wp-json\/wp\/v2\/types\/product"}],"wp:featuredmedia":[{"embeddable":true,"href":"https:\/\/staging.sgtmartinho.com\/en\/wp-json\/wp\/v2\/media\/8128"}],"wp:attachment":[{"href":"https:\/\/staging.sgtmartinho.com\/en\/wp-json\/wp\/v2\/media?parent=2086"}],"wp:term":[{"taxonomy":"product_brand","embeddable":true,"href":"https:\/\/staging.sgtmartinho.com\/en\/wp-json\/wp\/v2\/product_brand?post=2086"},{"taxonomy":"product_cat","embeddable":true,"href":"https:\/\/staging.sgtmartinho.com\/en\/wp-json\/wp\/v2\/product_cat?post=2086"},{"taxonomy":"product_tag","embeddable":true,"href":"https:\/\/staging.sgtmartinho.com\/en\/wp-json\/wp\/v2\/product_tag?post=2086"}],"curies":[{"name":"wp","href":"https:\/\/api.w.org\/{rel}","templated":true}]}}