{"id":12064,"date":"2023-12-12T10:34:36","date_gmt":"2023-12-12T10:34:36","guid":{"rendered":"https:\/\/www.sgtmartinho.com\/?post_type=product&#038;p=12064"},"modified":"2024-02-12T17:05:38","modified_gmt":"2024-02-12T17:05:38","slug":"cafe-de-especialidade-burundi-rubuvu","status":"publish","type":"product","link":"https:\/\/staging.sgtmartinho.com\/en\/loja\/cafe-de-especialidade-burundi-rubuvu\/","title":{"rendered":"Caf\u00e9 do Burundi | Ruvubu"},"content":{"rendered":"<p>Nas pitorescas paisagens do Burundi, onde a grande maioria da popula\u00e7\u00e3o se sustenta atrav\u00e9s da agricultura, o caf\u00e9 assume um papel central como meio de vida crucial para mais de 700.000 fam\u00edlias. Essa bebida t\u00e3o estimada n\u00e3o apenas serve como um emblema cultural, mas tamb\u00e9m representa um pilar econ\u00f4mico significativo para a na\u00e7\u00e3o.<\/p>\n<p>Aninhado nas fronteiras de um terreno sem acesso ao mar, o Burundi lida com recursos econ\u00f3micos limitados, dependendo fortemente de seu setor agr\u00edcola. O cora\u00e7\u00e3o pulsante dessa economia ressoa atrav\u00e9s do cultivo vital do caf\u00e9, com uma produ\u00e7\u00e3o anual de n\u00e3o mais que 200.000 sacas. Apesar de contribuir com apenas 1% para o com\u00e9rcio global, o caf\u00e9 burundiano det\u00e9m uma parcela substancial, representando impressionantes 65% das exporta\u00e7\u00f5es do pa\u00eds. Isso coloca o caf\u00e9 na vanguarda da economia nacional, proporcionando sustento e prosperidade para a multid\u00e3o de fam\u00edlias envolvidas no cultivo de caf\u00e9.<\/p>\n<p>Para o conhecedor de caf\u00e9 no Burundi, a devo\u00e7\u00e3o a essa safra arom\u00e1tica vai al\u00e9m de meras considera\u00e7\u00f5es econ\u00f4micas. Mais de 700.000 fam\u00edlias alocam uma parte de suas terras para o cultivo de caf\u00e9, complementando seus meios de vida com atividades agr\u00edcolas de subsist\u00eancia como trigo, milho, arroz e bananas. Esse delicado equil\u00edbrio garante um fluxo consistente de renda, especialmente durante as temporadas de venda de caf\u00e9.<\/p>\n<p>Na tape\u00e7aria da produ\u00e7\u00e3o de caf\u00e9 do Burundi, os pequenos agricultores dominam a cena, compreendendo cerca de 30% das fam\u00edlias em todo o pa\u00eds. Essas fazendas, muitas vezes com menos de um hectare, ostentam uma m\u00e9dia de 50 a 250 cafeeiros por agricultor &#8211; uma propor\u00e7\u00e3o meticulosa projetada para facilitar o cuidado atencioso das \u00e1rvores e a colheita meticulosa de gr\u00e3os de caf\u00e9 de qualidade superior.<\/p>\n<p>Os gr\u00e3os de caf\u00e9 que prosperam nos solos f\u00e9rteis do Burundi s\u00e3o predominantemente da variedade Ar\u00e1bica, contribuindo para a reputa\u00e7\u00e3o do pa\u00eds na produ\u00e7\u00e3o de caf\u00e9s excepcionais e procurados. Cada x\u00edcara preparada com gr\u00e3os burundianos \u00e9 um testemunho da dedica\u00e7\u00e3o desses artes\u00e3os do caf\u00e9, cujas m\u00e3os cultivam n\u00e3o apenas uma bebida, mas um s\u00edmbolo de resist\u00eancia econ\u00f4mica e orgulho cultural.<\/p>\n<p>&nbsp;<\/p>\n<p>Para descrever melhor o caf\u00e9 pedimos ajuda \u00e0 nossa querida artista\u00a0<a href=\"https:\/\/www.instagram.com\/ag.sk.c\/\" target=\"_blank\" rel=\"noopener\">Caro A. S.<\/a>, que nos ajudasse a transpor visualmente as notas e emo\u00e7\u00f5es deste caf\u00e9. Sigam-na no\u00a0<a href=\"https:\/\/www.instagram.com\/ag.sk.c\/\" target=\"_blank\" rel=\"noopener\">IG<\/a>\u00a0para ficarem a conhecer o incr\u00edvel trabalho dela.<\/p>\n","protected":false},"excerpt":{"rendered":"<p>O caf\u00e9 Ruvubu \u00e9 indicado para <strong>[tags]<\/strong>.<\/p>\n<p>Burundi, Rugabano<br \/>\n\u2014<br \/>\nProdutor: 1168 pequenos produtores<br \/>\nVariedade: 100% Caf\u00e9 Ar\u00e1bica de Especialidade, Bourbon<br \/>\nProcesso: Lavado<br \/>\nAltitude: 1575 &#8211; 1730 m<br \/>\nNotas: <strong>Chocolate, mel e ameixa seca<\/strong><br \/>\nEmo\u00e7\u00f5es: Acolhedor e preenchedor<\/p>\n<p>&nbsp;<\/p>\n<p>Moagem:<br \/>\n&#8211; Fina para Cafeteira Italiana, Prensa Francesa e Hario V60 para 1 pessoa<br \/>\n&#8211; M\u00e9dia para Aeropress, Chemex e V60 para 2 pessoas<br \/>\n&#8211; Grossa para m\u00e1quina de caf\u00e9 de filtro tipo Moccamaster<\/p>\n","protected":false},"featured_media":12177,"template":"","meta":[],"product_brand":[],"product_cat":[23],"product_tag":[182,169,24,26],"class_list":{"0":"post-12064","1":"product","2":"type-product","3":"status-publish","4":"has-post-thumbnail","6":"product_cat-cafe","7":"product_tag-cold-brew","8":"product_tag-cafeteira-italiana","9":"product_tag-espresso","10":"product_tag-cafe-de-filtro","12":"first","13":"instock","14":"taxable","15":"shipping-taxable","16":"purchasable","17":"product-type-variable","18":"has-default-attributes"},"_links":{"self":[{"href":"https:\/\/staging.sgtmartinho.com\/en\/wp-json\/wp\/v2\/product\/12064","targetHints":{"allow":["GET"]}}],"collection":[{"href":"https:\/\/staging.sgtmartinho.com\/en\/wp-json\/wp\/v2\/product"}],"about":[{"href":"https:\/\/staging.sgtmartinho.com\/en\/wp-json\/wp\/v2\/types\/product"}],"wp:featuredmedia":[{"embeddable":true,"href":"https:\/\/staging.sgtmartinho.com\/en\/wp-json\/wp\/v2\/media\/12177"}],"wp:attachment":[{"href":"https:\/\/staging.sgtmartinho.com\/en\/wp-json\/wp\/v2\/media?parent=12064"}],"wp:term":[{"taxonomy":"product_brand","embeddable":true,"href":"https:\/\/staging.sgtmartinho.com\/en\/wp-json\/wp\/v2\/product_brand?post=12064"},{"taxonomy":"product_cat","embeddable":true,"href":"https:\/\/staging.sgtmartinho.com\/en\/wp-json\/wp\/v2\/product_cat?post=12064"},{"taxonomy":"product_tag","embeddable":true,"href":"https:\/\/staging.sgtmartinho.com\/en\/wp-json\/wp\/v2\/product_tag?post=12064"}],"curies":[{"name":"wp","href":"https:\/\/api.w.org\/{rel}","templated":true}]}}