{"id":11951,"date":"2023-11-23T19:23:22","date_gmt":"2023-11-23T19:23:22","guid":{"rendered":"https:\/\/www.sgtmartinho.com\/?post_type=product&#038;p=11951"},"modified":"2024-02-12T16:51:55","modified_gmt":"2024-02-12T16:51:55","slug":"c40-mk4-nitro-blade-liquid-amber","status":"publish","type":"product","link":"https:\/\/staging.sgtmartinho.com\/en\/loja\/c40-mk4-nitro-blade-liquid-amber\/","title":{"rendered":"C40 MK4 Nitro Blade &#8211; Liquid Amber"},"content":{"rendered":"<p><iframe title=\"Comandante - C40 - Espresso Shot\" width=\"500\" height=\"281\" src=\"https:\/\/www.youtube.com\/embed\/GlQSiDQqUaM?feature=oembed\" frameborder=\"0\" allow=\"accelerometer; autoplay; clipboard-write; encrypted-media; gyroscope; picture-in-picture; web-share\" referrerpolicy=\"strict-origin-when-cross-origin\" allowfullscreen><\/iframe><\/p>\n","protected":false},"excerpt":{"rendered":"<p>O moinho C40 MK4 Nitro Blade \u00e9 perfeito para moer caf\u00e9 para filtro, e excelente para espresso. \u00c9 port\u00e1til, leve, resistente e est\u00e9tico.<\/p>\n<p>&nbsp;<\/p>\n<p>A Comandante desenvolve e fabrica moinhos de caf\u00e9 de alta performance para profissionais e entusiastas, com a miss\u00e3o de fornecer solu\u00e7\u00f5es para ajudar os amantes de caf\u00e9 a obterem consistentemente o melhor dos seus caf\u00e9s preferidos.<\/p>\n<p>&nbsp;<\/p>\n<p>O design ic\u00f3nico do moinho Comandante C40 MK4 Nitro Blade tornou-se sin\u00f3nimo da excel\u00eancia de moagem de classe mundial. A sua facilidade de utiliza\u00e7\u00e3o e o desempenho inabal\u00e1vel do conjunto pioneiro de maquinaria Nitro Blade no seu interior, tornou os moinhos Comandante uma escolha de elei\u00e7\u00e3o para amantes de caf\u00e9 por todo o mundo, desde produtores de caf\u00e9, passando por baristas caseiros, at\u00e9 aos Campe\u00f5es Mundiais da Moagem.<\/p>\n<p>&nbsp;<\/p>\n<p>O moinho Comandante C40 MK4 Nitro Blade \u00e9 o resultado de anos de estudo e desenvolvimento especificamente para caf\u00e9s de especialidade. As suas propriedades f\u00edsicas e qu\u00edmicas distinguem-no de moinhos de outras marcas, tanto no desempenho como no sabor do caf\u00e9 final. Afinal, boas ferramentas podem impulsionar o acesso global a caf\u00e9 de excelente qualidade e a aprecia\u00e7\u00e3o da qualidade do caf\u00e9.<\/p>\n<p>&nbsp;<\/p>\n<p>Esta \u00e9 a vers\u00e3o Liquid Amber. Se est\u00e1 \u00e0 procura do moinho Comandante C40 MK4 em vers\u00e3o American Cherry, pode encontr\u00e1-la <a href=\"https:\/\/staging.sgtmartinho.com\/loja\/c40-mk4-nitro-blade-grinder-american-cherry-comandante\/\" target=\"_blank\" rel=\"noopener\">aqui<\/a>. E se estiver \u00e0 procura da vers\u00e3o Black (preto), pode encontr\u00e1-la <a href=\"https:\/\/staging.sgtmartinho.com\/loja\/mk4-nitro-blade-grinder-black-comandante\/\" target=\"_blank\" rel=\"noopener\">aqui<\/a>.<\/p>\n<p>&nbsp;<\/p>\n<p><strong>Detalhes do Produto:<\/strong><br \/>\nC40-MK4NB-3307<br \/>\nCor: Liquid Amber<br \/>\nMateriais: a\u00e7o inoxid\u00e1vel e verniz de madeira (corpo); madeira natural (pega); a\u00e7o inoxid\u00e1vel martens\u00edtico de alto nitrog\u00e9nio (rebarbas)<br \/>\nCapacidade m\u00e1xima: 40-45 gramas<br \/>\nDimens\u00f5es: 6cm (di\u00e2metro) x 16cm (altura)<\/p>\n","protected":false},"featured_media":11952,"template":"","meta":[],"product_brand":[],"product_cat":[58,143],"product_tag":[],"class_list":{"0":"post-11951","1":"product","2":"type-product","3":"status-publish","4":"has-post-thumbnail","6":"brands-comandante","7":"product_cat-equipamento","8":"product_cat-moinhos","10":"first","11":"instock","12":"sold-individually","13":"taxable","14":"shipping-taxable","15":"purchasable","16":"product-type-simple"},"_links":{"self":[{"href":"https:\/\/staging.sgtmartinho.com\/en\/wp-json\/wp\/v2\/product\/11951","targetHints":{"allow":["GET"]}}],"collection":[{"href":"https:\/\/staging.sgtmartinho.com\/en\/wp-json\/wp\/v2\/product"}],"about":[{"href":"https:\/\/staging.sgtmartinho.com\/en\/wp-json\/wp\/v2\/types\/product"}],"wp:featuredmedia":[{"embeddable":true,"href":"https:\/\/staging.sgtmartinho.com\/en\/wp-json\/wp\/v2\/media\/11952"}],"wp:attachment":[{"href":"https:\/\/staging.sgtmartinho.com\/en\/wp-json\/wp\/v2\/media?parent=11951"}],"wp:term":[{"taxonomy":"product_brand","embeddable":true,"href":"https:\/\/staging.sgtmartinho.com\/en\/wp-json\/wp\/v2\/product_brand?post=11951"},{"taxonomy":"product_cat","embeddable":true,"href":"https:\/\/staging.sgtmartinho.com\/en\/wp-json\/wp\/v2\/product_cat?post=11951"},{"taxonomy":"product_tag","embeddable":true,"href":"https:\/\/staging.sgtmartinho.com\/en\/wp-json\/wp\/v2\/product_tag?post=11951"}],"curies":[{"name":"wp","href":"https:\/\/api.w.org\/{rel}","templated":true}]}}