{"id":11900,"date":"2023-11-18T18:58:46","date_gmt":"2023-11-18T18:58:46","guid":{"rendered":"https:\/\/www.sgtmartinho.com\/?post_type=product&#038;p=11900"},"modified":"2024-02-12T17:05:38","modified_gmt":"2024-02-12T17:05:38","slug":"cafe-da-etiopia-worka-chelbesa","status":"publish","type":"product","link":"https:\/\/staging.sgtmartinho.com\/en\/loja\/cafe-da-etiopia-worka-chelbesa\/","title":{"rendered":"Caf\u00e9 da Eti\u00f3pia | Worka Chelbesa"},"content":{"rendered":"<p>O caf\u00e9 \u00e9 uma fruta nativa da Eti\u00f3pia. Uma pequena baga que moldou o resto do planeta, com uma hist\u00f3ria muito negra, mas tamb\u00e9m com hist\u00f3ria de salva\u00e7\u00e3o e revolu\u00e7\u00e3o. O planeta \u00e9 hoje como o conhecemos tamb\u00e9m por causa desta baga que nasceu na Eti\u00f3pia.<\/p>\n<p>Localizada na zona Gedeo do distrito de Gedeb, Worka Chelbesa \u00e9 uma das melhores \u00e1reas produtoras de caf\u00e9 no famoso Gedeb Woreda.<br \/>\nConhecida pela sua densa estrutura de vegeta\u00e7\u00e3o semi-florestal, abrangendo outras \u00e1rvores de fruta e tamb\u00e9m cafeeiros cultivados \u00e0 sombra, Chelbesa \u00e9 um \u00f3timo exemplo da melhor agroecologia da cafeicultura.<\/p>\n<p>Este caf\u00e9 de especialidade chega-nos duma esta\u00e7\u00e3o de lavagem e processamento pertencente a uma empresa que trabalha com 476 produtores de caf\u00e9 e que apoia a comunidade local h\u00e1 mais de 10 anos, com o objectivo de trazer ao mundo os melhores caf\u00e9s que a Eti\u00f3pia tem para oferecer.<\/p>\n<p>&nbsp;<\/p>\n<p>Para descrever melhor o caf\u00e9 pedimos ajuda \u00e0 nossa querida artista <a href=\"https:\/\/www.instagram.com\/yankovskaya.m\/\" target=\"_blank\" rel=\"noopener\">Marina Yankovskaya<\/a>, que nos ajudasse a transpor visualmente as notas e emo\u00e7\u00f5es deste caf\u00e9. Sigam-na no IG para ficarem a conhecer o incr\u00edvel trabalho dela.<\/p>\n","protected":false},"excerpt":{"rendered":"<p>O caf\u00e9 Worka Chelbesa \u00e9 indicado para <strong>[tags]<\/strong>.<\/p>\n<p>Eti\u00f3pia, Gedeo, Chelbesa<br \/>\n\u2014<br \/>\nProdutor: 476 pequenos produtores<br \/>\nVariedade: Nativa, 100% Caf\u00e9 Ar\u00e1bica de Especialidade<br \/>\nProcesso: Lavado<br \/>\nAltitude: 1950 -2200 m<br \/>\nNotas: <strong>Anan\u00e1s, P\u00eassego, Maracuj\u00e1<\/strong><br \/>\nEmo\u00e7\u00f5es: Entusiasmo e Estimulante<\/p>\n<p>Moagem:<br \/>\n&#8211; Fina para Cafeteira Italiana, Prensa Francesa e Hario V60 para 1 pessoa<br \/>\n&#8211; M\u00e9dia para Aeropress, Chemex e V60 para 2 pessoas<br \/>\n&#8211; Grossa para m\u00e1quina de caf\u00e9 de filtro tipo Moccamaster<\/p>\n","protected":false},"featured_media":11908,"template":"","meta":[],"product_brand":[],"product_cat":[23],"product_tag":[182,169,24,26],"class_list":{"0":"post-11900","1":"product","2":"type-product","3":"status-publish","4":"has-post-thumbnail","6":"product_cat-cafe","7":"product_tag-cold-brew","8":"product_tag-cafeteira-italiana","9":"product_tag-espresso","10":"product_tag-cafe-de-filtro","12":"first","13":"instock","14":"taxable","15":"shipping-taxable","16":"purchasable","17":"product-type-variable","18":"has-default-attributes"},"_links":{"self":[{"href":"https:\/\/staging.sgtmartinho.com\/en\/wp-json\/wp\/v2\/product\/11900","targetHints":{"allow":["GET"]}}],"collection":[{"href":"https:\/\/staging.sgtmartinho.com\/en\/wp-json\/wp\/v2\/product"}],"about":[{"href":"https:\/\/staging.sgtmartinho.com\/en\/wp-json\/wp\/v2\/types\/product"}],"wp:featuredmedia":[{"embeddable":true,"href":"https:\/\/staging.sgtmartinho.com\/en\/wp-json\/wp\/v2\/media\/11908"}],"wp:attachment":[{"href":"https:\/\/staging.sgtmartinho.com\/en\/wp-json\/wp\/v2\/media?parent=11900"}],"wp:term":[{"taxonomy":"product_brand","embeddable":true,"href":"https:\/\/staging.sgtmartinho.com\/en\/wp-json\/wp\/v2\/product_brand?post=11900"},{"taxonomy":"product_cat","embeddable":true,"href":"https:\/\/staging.sgtmartinho.com\/en\/wp-json\/wp\/v2\/product_cat?post=11900"},{"taxonomy":"product_tag","embeddable":true,"href":"https:\/\/staging.sgtmartinho.com\/en\/wp-json\/wp\/v2\/product_tag?post=11900"}],"curies":[{"name":"wp","href":"https:\/\/api.w.org\/{rel}","templated":true}]}}