{"id":11028,"date":"2023-05-17T16:11:16","date_gmt":"2023-05-17T15:11:16","guid":{"rendered":"https:\/\/www.sgtmartinho.com\/?post_type=product&#038;p=11028"},"modified":"2024-02-12T17:05:24","modified_gmt":"2024-02-12T17:05:24","slug":"cafe-de-especialidade-da-guatemala-la-lima","status":"publish","type":"product","link":"https:\/\/staging.sgtmartinho.com\/en\/loja\/cafe-de-especialidade-da-guatemala-la-lima\/","title":{"rendered":"Caf\u00e9 da Guatemala | La Lima"},"content":{"rendered":"<p>Maria \u00e9 uma produtora de caf\u00e9 de segunda gera\u00e7\u00e3o; aprendeu com o pai sobre a produ\u00e7\u00e3o de caf\u00e9, em particular sobre o trabalho cuidadoso necess\u00e1rio para colher os frutos maduros do caf\u00e9. Ela e o marido trabalham juntos na administra\u00e7\u00e3o da fazenda e tamb\u00e9m passaram o conhecimento para os filhos.<\/p>\n<p>Este lote \u00e9 conhecido como La Lima porque h\u00e1 um lugar na fazenda onde crescem muitas \u00e1rvores de lima, que produzem limas excepcionalmente doces. Talvez at\u00e9 consiga sentir o aroma doce da lima no seu caf\u00e9.<\/p>\n<p>\u201cTem sido dif\u00edcil enfrentar os desafios da produ\u00e7\u00e3o de caf\u00e9. \u00c0s vezes, as mudan\u00e7as clim\u00e1ticas s\u00e3o o maior desafio, outras vezes s\u00e3o os fungos e as doen\u00e7as do caf\u00e9. Hoje \u00e9 o alto custo dos fertilizantes agr\u00edcolas e da m\u00e3o de obra, que temos que superar.\u201d &#8211; Maria Cristina Diaz<\/p>\n<p>Huehuetenango (muitas vezes chamada de \u2018Huehue\u2019) est\u00e1 localizada no oeste da Guatemala, na fronteira com o M\u00e9xico. Huehue \u00e9 muito remota e as estradas da regi\u00e3o podem ser dif\u00edceis para chegar \u00e0s fazendas nas altas montanhas. Mas a altitude desta regi\u00e3o, combinada com os ventos quentes e secos que sopram da plan\u00edcie mexicana de Tehuantepec, criam excelentes condi\u00e7\u00f5es para a produ\u00e7\u00e3o do caf\u00e9 de qualidade. Devido \u00e0s altitudes e afastamento da regi\u00e3o, a maioria dos agricultores processa o seu caf\u00e9 em casa, em vez de o fazerem numa esta\u00e7\u00e3o de processamento central.<\/p>\n<p>Huehuetenango \u00e9 conhecida por gr\u00e3os com uma acidez intensa e agrad\u00e1vel, encorpado e notas vinosas, florais e frutadas.<\/p>\n<p>&nbsp;<\/p>\n<p>Para descrever melhor o caf\u00e9 pedimos ajuda \u00e0 nossa querida <a href=\"https:\/\/www.instagram.com\/besouroaline\/\" target=\"_blank\" rel=\"noopener\">\u00c4line Besour\u00f6<\/a>, artista Brasileira, que nos ajudasse a transpor visualmente as notas e emo\u00e7\u00f5es deste caf\u00e9. Sigam-na para ficarem a conhecer o incr\u00edvel trabalho dela.<\/p>\n","protected":false},"excerpt":{"rendered":"<p>O caf\u00e9 La Lima \u00e9 indicado para <strong>[tags]<\/strong>.<\/p>\n<p>&nbsp;<\/p>\n<p>Guatemala, Huehuetenango, Aldea San Marcos<br \/>\nProdutora: Maria Cristina Diaz<br \/>\nVariedade: 100% Ar\u00e1bica Caturra<br \/>\nProcesso: Lavado<br \/>\nAltitude: 1300m<br \/>\nNotas: <strong>A\u00e7\u00facar Mascavado, Avel\u00e3, Diospiro<\/strong><br \/>\nEmo\u00e7\u00f5es: Produtivo e Motivador<\/p>\n<p>&nbsp;<\/p>\n<p>Moagem:<br \/>\n&#8211; Fina para Cafeteira Italiana, Prensa Francesa e Hario V60 para 1 pessoa<br \/>\n&#8211; M\u00e9dia para Aeropress, Chemex e V60 para 2 pessoas<br \/>\n&#8211; Grossa para m\u00e1quina de caf\u00e9 de filtro tipo Moccamaster<\/p>\n","protected":false},"featured_media":11299,"template":"","meta":[],"product_brand":[],"product_cat":[23],"product_tag":[169,24,26],"class_list":{"0":"post-11028","1":"product","2":"type-product","3":"status-publish","4":"has-post-thumbnail","6":"product_cat-cafe","7":"product_tag-cafeteira-italiana","8":"product_tag-espresso","9":"product_tag-cafe-de-filtro","11":"first","12":"instock","13":"taxable","14":"shipping-taxable","15":"purchasable","16":"product-type-variable","17":"has-default-attributes"},"_links":{"self":[{"href":"https:\/\/staging.sgtmartinho.com\/en\/wp-json\/wp\/v2\/product\/11028","targetHints":{"allow":["GET"]}}],"collection":[{"href":"https:\/\/staging.sgtmartinho.com\/en\/wp-json\/wp\/v2\/product"}],"about":[{"href":"https:\/\/staging.sgtmartinho.com\/en\/wp-json\/wp\/v2\/types\/product"}],"wp:featuredmedia":[{"embeddable":true,"href":"https:\/\/staging.sgtmartinho.com\/en\/wp-json\/wp\/v2\/media\/11299"}],"wp:attachment":[{"href":"https:\/\/staging.sgtmartinho.com\/en\/wp-json\/wp\/v2\/media?parent=11028"}],"wp:term":[{"taxonomy":"product_brand","embeddable":true,"href":"https:\/\/staging.sgtmartinho.com\/en\/wp-json\/wp\/v2\/product_brand?post=11028"},{"taxonomy":"product_cat","embeddable":true,"href":"https:\/\/staging.sgtmartinho.com\/en\/wp-json\/wp\/v2\/product_cat?post=11028"},{"taxonomy":"product_tag","embeddable":true,"href":"https:\/\/staging.sgtmartinho.com\/en\/wp-json\/wp\/v2\/product_tag?post=11028"}],"curies":[{"name":"wp","href":"https:\/\/api.w.org\/{rel}","templated":true}]}}